{"id":1752,"date":"2024-11-22T14:27:29","date_gmt":"2024-11-22T20:27:29","guid":{"rendered":"https:\/\/global.icminc.com\/greenfield-biorefinery\/"},"modified":"2024-12-06T13:18:40","modified_gmt":"2024-12-06T19:18:40","slug":"greenfield-biorefinery","status":"publish","type":"page","link":"https:\/\/global.icminc.com\/pt-br\/turnkey-solutions\/greenfield-biorefinery\/","title":{"rendered":"Biorrefinaria Greenfield"},"content":{"rendered":"","protected":false},"excerpt":{"rendered":"","protected":false},"author":1,"featured_media":0,"parent":1778,"menu_order":0,"comment_status":"closed","ping_status":"closed","template":"template_greenfield.php","meta":{"_acf_changed":false,"footnotes":""},"class_list":["post-1752","page","type-page","status-publish","hentry"],"acf":[],"yoast_head":"<!-- This site is optimized with the Yoast SEO plugin v27.3 - https:\/\/yoast.com\/product\/yoast-seo-wordpress\/ -->\n<title>Biorrefinaria Greenfield | Solu\u00e7\u00f5es de produ\u00e7\u00e3o de etanol | ICM<\/title>\n<meta name=\"description\" content=\"Maximize sua produ\u00e7\u00e3o de etanol com as biorrefinarias greenfield da ICM. Descubra solu\u00e7\u00f5es eficientes e de alto valor. Comece hoje mesmo!\" \/>\n<meta name=\"robots\" content=\"index, follow, max-snippet:-1, max-image-preview:large, max-video-preview:-1\" \/>\n<link rel=\"canonical\" href=\"https:\/\/global.icminc.com\/pt-br\/turnkey-solutions\/greenfield-biorefinery\/\" \/>\n<meta property=\"og:locale\" content=\"pt_BR\" \/>\n<meta property=\"og:type\" content=\"article\" \/>\n<meta property=\"og:title\" content=\"Biorrefinaria Greenfield | Solu\u00e7\u00f5es de produ\u00e7\u00e3o de etanol\" \/>\n<meta property=\"og:description\" content=\"Maximize sua produ\u00e7\u00e3o de etanol com as biorrefinarias greenfield da ICM. Descubra solu\u00e7\u00f5es eficientes e de alto valor. Comece hoje mesmo!\" \/>\n<meta property=\"og:url\" content=\"https:\/\/global.icminc.com\/pt-br\/turnkey-solutions\/greenfield-biorefinery\/\" \/>\n<meta property=\"og:site_name\" content=\"ICM Inc. Brazil\" \/>\n<meta property=\"article:publisher\" content=\"https:\/\/www.facebook.com\/icmtechnology\" \/>\n<meta property=\"article:modified_time\" content=\"2024-12-06T19:18:40+00:00\" \/>\n<meta property=\"og:image\" content=\"https:\/\/global.icminc.com\/wp-content\/uploads\/2024\/08\/corn-and-cane.jpg\" \/>\n\t<meta property=\"og:image:width\" content=\"1280\" \/>\n\t<meta property=\"og:image:height\" content=\"629\" \/>\n\t<meta property=\"og:image:type\" content=\"image\/jpeg\" \/>\n<meta name=\"twitter:card\" content=\"summary_large_image\" \/>\n<meta name=\"twitter:title\" content=\"Biorrefinaria Greenfield | Solu\u00e7\u00f5es de produ\u00e7\u00e3o de etanol\" \/>\n<meta name=\"twitter:description\" content=\"Maximize sua produ\u00e7\u00e3o de etanol com as biorrefinarias greenfield da ICM. Descubra solu\u00e7\u00f5es eficientes e de alto valor. Comece hoje mesmo!\" \/>\n<meta name=\"twitter:site\" content=\"@ICM_Technology\" \/>\n<script type=\"application\/ld+json\" class=\"yoast-schema-graph\">{\"@context\":\"https:\\\/\\\/schema.org\",\"@graph\":[{\"@type\":\"WebPage\",\"@id\":\"https:\\\/\\\/global.icminc.com\\\/pt-br\\\/turnkey-solutions\\\/greenfield-biorefinery\\\/\",\"url\":\"https:\\\/\\\/global.icminc.com\\\/pt-br\\\/turnkey-solutions\\\/greenfield-biorefinery\\\/\",\"name\":\"Biorrefinaria Greenfield | Solu\u00e7\u00f5es de produ\u00e7\u00e3o de etanol | ICM\",\"isPartOf\":{\"@id\":\"https:\\\/\\\/global.icminc.com\\\/pt-br\\\/#website\"},\"datePublished\":\"2024-11-22T20:27:29+00:00\",\"dateModified\":\"2024-12-06T19:18:40+00:00\",\"description\":\"Maximize sua produ\u00e7\u00e3o de etanol com as biorrefinarias greenfield da ICM. Descubra solu\u00e7\u00f5es eficientes e de alto valor. Comece hoje mesmo!\",\"breadcrumb\":{\"@id\":\"https:\\\/\\\/global.icminc.com\\\/pt-br\\\/turnkey-solutions\\\/greenfield-biorefinery\\\/#breadcrumb\"},\"inLanguage\":\"pt-BR\",\"potentialAction\":[{\"@type\":\"ReadAction\",\"target\":[\"https:\\\/\\\/global.icminc.com\\\/pt-br\\\/turnkey-solutions\\\/greenfield-biorefinery\\\/\"]}]},{\"@type\":\"BreadcrumbList\",\"@id\":\"https:\\\/\\\/global.icminc.com\\\/pt-br\\\/turnkey-solutions\\\/greenfield-biorefinery\\\/#breadcrumb\",\"itemListElement\":[{\"@type\":\"ListItem\",\"position\":1,\"name\":\"Home\",\"item\":\"https:\\\/\\\/global.icminc.com\\\/pt-br\\\/\"},{\"@type\":\"ListItem\",\"position\":2,\"name\":\"Solu\u00e7\u00f5es\",\"item\":\"https:\\\/\\\/global.icminc.com\\\/pt-br\\\/turnkey-solutions\\\/\"},{\"@type\":\"ListItem\",\"position\":3,\"name\":\"Biorrefinaria Greenfield\"}]},{\"@type\":\"WebSite\",\"@id\":\"https:\\\/\\\/global.icminc.com\\\/pt-br\\\/#website\",\"url\":\"https:\\\/\\\/global.icminc.com\\\/pt-br\\\/\",\"name\":\"ICM\",\"description\":\"\",\"publisher\":{\"@id\":\"https:\\\/\\\/global.icminc.com\\\/pt-br\\\/#organization\"},\"potentialAction\":[{\"@type\":\"SearchAction\",\"target\":{\"@type\":\"EntryPoint\",\"urlTemplate\":\"https:\\\/\\\/global.icminc.com\\\/pt-br\\\/?s={search_term_string}\"},\"query-input\":{\"@type\":\"PropertyValueSpecification\",\"valueRequired\":true,\"valueName\":\"search_term_string\"}}],\"inLanguage\":\"pt-BR\"},{\"@type\":\"Organization\",\"@id\":\"https:\\\/\\\/global.icminc.com\\\/pt-br\\\/#organization\",\"name\":\"ICM\",\"url\":\"https:\\\/\\\/global.icminc.com\\\/pt-br\\\/\",\"logo\":{\"@type\":\"ImageObject\",\"inLanguage\":\"pt-BR\",\"@id\":\"https:\\\/\\\/global.icminc.com\\\/pt-br\\\/#\\\/schema\\\/logo\\\/image\\\/\",\"url\":\"https:\\\/\\\/global.icminc.com\\\/wp-content\\\/uploads\\\/2024\\\/09\\\/icm_logo_color.png\",\"contentUrl\":\"https:\\\/\\\/global.icminc.com\\\/wp-content\\\/uploads\\\/2024\\\/09\\\/icm_logo_color.png\",\"width\":500,\"height\":207,\"caption\":\"ICM\"},\"image\":{\"@id\":\"https:\\\/\\\/global.icminc.com\\\/pt-br\\\/#\\\/schema\\\/logo\\\/image\\\/\"},\"sameAs\":[\"https:\\\/\\\/www.facebook.com\\\/icmtechnology\",\"https:\\\/\\\/x.com\\\/ICM_Technology\",\"https:\\\/\\\/www.linkedin.com\\\/company\\\/icminc\\\/\"]}]}<\/script>\n<!-- \/ Yoast SEO plugin. -->","yoast_head_json":{"title":"Biorrefinaria Greenfield | Solu\u00e7\u00f5es de produ\u00e7\u00e3o de etanol | ICM","description":"Maximize sua produ\u00e7\u00e3o de etanol com as biorrefinarias greenfield da ICM. Descubra solu\u00e7\u00f5es eficientes e de alto valor. Comece hoje mesmo!","robots":{"index":"index","follow":"follow","max-snippet":"max-snippet:-1","max-image-preview":"max-image-preview:large","max-video-preview":"max-video-preview:-1"},"canonical":"https:\/\/global.icminc.com\/pt-br\/turnkey-solutions\/greenfield-biorefinery\/","og_locale":"pt_BR","og_type":"article","og_title":"Biorrefinaria Greenfield | Solu\u00e7\u00f5es de produ\u00e7\u00e3o de etanol","og_description":"Maximize sua produ\u00e7\u00e3o de etanol com as biorrefinarias greenfield da ICM. Descubra solu\u00e7\u00f5es eficientes e de alto valor. Comece hoje mesmo!","og_url":"https:\/\/global.icminc.com\/pt-br\/turnkey-solutions\/greenfield-biorefinery\/","og_site_name":"ICM Inc. Brazil","article_publisher":"https:\/\/www.facebook.com\/icmtechnology","article_modified_time":"2024-12-06T19:18:40+00:00","og_image":[{"width":1280,"height":629,"url":"https:\/\/global.icminc.com\/wp-content\/uploads\/2024\/08\/corn-and-cane.jpg","type":"image\/jpeg"}],"twitter_card":"summary_large_image","twitter_title":"Biorrefinaria Greenfield | Solu\u00e7\u00f5es de produ\u00e7\u00e3o de etanol","twitter_description":"Maximize sua produ\u00e7\u00e3o de etanol com as biorrefinarias greenfield da ICM. Descubra solu\u00e7\u00f5es eficientes e de alto valor. Comece hoje mesmo!","twitter_site":"@ICM_Technology","schema":{"@context":"https:\/\/schema.org","@graph":[{"@type":"WebPage","@id":"https:\/\/global.icminc.com\/pt-br\/turnkey-solutions\/greenfield-biorefinery\/","url":"https:\/\/global.icminc.com\/pt-br\/turnkey-solutions\/greenfield-biorefinery\/","name":"Biorrefinaria Greenfield | Solu\u00e7\u00f5es de produ\u00e7\u00e3o de etanol | ICM","isPartOf":{"@id":"https:\/\/global.icminc.com\/pt-br\/#website"},"datePublished":"2024-11-22T20:27:29+00:00","dateModified":"2024-12-06T19:18:40+00:00","description":"Maximize sua produ\u00e7\u00e3o de etanol com as biorrefinarias greenfield da ICM. Descubra solu\u00e7\u00f5es eficientes e de alto valor. Comece hoje mesmo!","breadcrumb":{"@id":"https:\/\/global.icminc.com\/pt-br\/turnkey-solutions\/greenfield-biorefinery\/#breadcrumb"},"inLanguage":"pt-BR","potentialAction":[{"@type":"ReadAction","target":["https:\/\/global.icminc.com\/pt-br\/turnkey-solutions\/greenfield-biorefinery\/"]}]},{"@type":"BreadcrumbList","@id":"https:\/\/global.icminc.com\/pt-br\/turnkey-solutions\/greenfield-biorefinery\/#breadcrumb","itemListElement":[{"@type":"ListItem","position":1,"name":"Home","item":"https:\/\/global.icminc.com\/pt-br\/"},{"@type":"ListItem","position":2,"name":"Solu\u00e7\u00f5es","item":"https:\/\/global.icminc.com\/pt-br\/turnkey-solutions\/"},{"@type":"ListItem","position":3,"name":"Biorrefinaria Greenfield"}]},{"@type":"WebSite","@id":"https:\/\/global.icminc.com\/pt-br\/#website","url":"https:\/\/global.icminc.com\/pt-br\/","name":"ICM","description":"","publisher":{"@id":"https:\/\/global.icminc.com\/pt-br\/#organization"},"potentialAction":[{"@type":"SearchAction","target":{"@type":"EntryPoint","urlTemplate":"https:\/\/global.icminc.com\/pt-br\/?s={search_term_string}"},"query-input":{"@type":"PropertyValueSpecification","valueRequired":true,"valueName":"search_term_string"}}],"inLanguage":"pt-BR"},{"@type":"Organization","@id":"https:\/\/global.icminc.com\/pt-br\/#organization","name":"ICM","url":"https:\/\/global.icminc.com\/pt-br\/","logo":{"@type":"ImageObject","inLanguage":"pt-BR","@id":"https:\/\/global.icminc.com\/pt-br\/#\/schema\/logo\/image\/","url":"https:\/\/global.icminc.com\/wp-content\/uploads\/2024\/09\/icm_logo_color.png","contentUrl":"https:\/\/global.icminc.com\/wp-content\/uploads\/2024\/09\/icm_logo_color.png","width":500,"height":207,"caption":"ICM"},"image":{"@id":"https:\/\/global.icminc.com\/pt-br\/#\/schema\/logo\/image\/"},"sameAs":["https:\/\/www.facebook.com\/icmtechnology","https:\/\/x.com\/ICM_Technology","https:\/\/www.linkedin.com\/company\/icminc\/"]}]}},"_links":{"self":[{"href":"https:\/\/global.icminc.com\/pt-br\/wp-json\/wp\/v2\/pages\/1752","targetHints":{"allow":["GET"]}}],"collection":[{"href":"https:\/\/global.icminc.com\/pt-br\/wp-json\/wp\/v2\/pages"}],"about":[{"href":"https:\/\/global.icminc.com\/pt-br\/wp-json\/wp\/v2\/types\/page"}],"author":[{"embeddable":true,"href":"https:\/\/global.icminc.com\/pt-br\/wp-json\/wp\/v2\/users\/1"}],"replies":[{"embeddable":true,"href":"https:\/\/global.icminc.com\/pt-br\/wp-json\/wp\/v2\/comments?post=1752"}],"version-history":[{"count":3,"href":"https:\/\/global.icminc.com\/pt-br\/wp-json\/wp\/v2\/pages\/1752\/revisions"}],"predecessor-version":[{"id":1864,"href":"https:\/\/global.icminc.com\/pt-br\/wp-json\/wp\/v2\/pages\/1752\/revisions\/1864"}],"up":[{"embeddable":true,"href":"https:\/\/global.icminc.com\/pt-br\/wp-json\/wp\/v2\/pages\/1778"}],"wp:attachment":[{"href":"https:\/\/global.icminc.com\/pt-br\/wp-json\/wp\/v2\/media?parent=1752"}],"curies":[{"name":"wp","href":"https:\/\/api.w.org\/{rel}","templated":true}]}}