{"id":1754,"date":"2024-11-22T14:44:28","date_gmt":"2024-11-22T20:44:28","guid":{"rendered":"https:\/\/global.icminc.com\/history\/"},"modified":"2025-09-26T15:22:28","modified_gmt":"2025-09-26T20:22:28","slug":"history","status":"publish","type":"page","link":"https:\/\/global.icminc.com\/pt-br\/about\/history\/","title":{"rendered":"Hist\u00f3rico"},"content":{"rendered":"","protected":false},"excerpt":{"rendered":"","protected":false},"author":1,"featured_media":0,"parent":1773,"menu_order":0,"comment_status":"closed","ping_status":"closed","template":"template_history.php","meta":{"_acf_changed":false,"footnotes":""},"class_list":["post-1754","page","type-page","status-publish","hentry"],"acf":[],"yoast_head":"<!-- This site is optimized with the Yoast SEO plugin v27.3 - https:\/\/yoast.com\/product\/yoast-seo-wordpress\/ -->\n<title>L\u00edder global na ind\u00fastria de biocombust\u00edveis | Fazendo hist\u00f3ria | ICM<\/title>\n<meta name=\"description\" content=\"A ICM \u00e9 l\u00edder global no setor de biocombust\u00edveis. Descubra nossas tecnologias inovadoras, avan\u00e7os recentes e saiba mais sobre a hist\u00f3ria da ICM.\" \/>\n<meta name=\"robots\" content=\"index, follow, max-snippet:-1, max-image-preview:large, max-video-preview:-1\" \/>\n<link rel=\"canonical\" href=\"https:\/\/global.icminc.com\/pt-br\/about\/history\/\" \/>\n<meta property=\"og:locale\" content=\"pt_BR\" \/>\n<meta property=\"og:type\" content=\"article\" \/>\n<meta property=\"og:title\" content=\"L\u00edder global na ind\u00fastria de biocombust\u00edveis | Fazendo hist\u00f3ria\" \/>\n<meta property=\"og:description\" content=\"A ICM \u00e9 l\u00edder global no setor de biocombust\u00edveis. Descubra nossas tecnologias inovadoras, avan\u00e7os recentes e saiba mais sobre a hist\u00f3ria da ICM.\" \/>\n<meta property=\"og:url\" content=\"https:\/\/global.icminc.com\/pt-br\/about\/history\/\" \/>\n<meta property=\"og:site_name\" content=\"ICM Inc. Brazil\" \/>\n<meta property=\"article:publisher\" content=\"https:\/\/www.facebook.com\/icmtechnology\" \/>\n<meta property=\"article:modified_time\" content=\"2025-09-26T20:22:28+00:00\" \/>\n<meta property=\"og:image\" content=\"https:\/\/global.icminc.com\/wp-content\/uploads\/2024\/08\/corn-and-cane.jpg\" \/>\n\t<meta property=\"og:image:width\" content=\"1280\" \/>\n\t<meta property=\"og:image:height\" content=\"629\" \/>\n\t<meta property=\"og:image:type\" content=\"image\/jpeg\" \/>\n<meta name=\"twitter:card\" content=\"summary_large_image\" \/>\n<meta name=\"twitter:title\" content=\"L\u00edder global na ind\u00fastria de biocombust\u00edveis | Fazendo hist\u00f3ria\" \/>\n<meta name=\"twitter:description\" content=\"A ICM \u00e9 l\u00edder global no setor de biocombust\u00edveis. Descubra nossas tecnologias inovadoras, avan\u00e7os recentes e saiba mais sobre a hist\u00f3ria da ICM.\" \/>\n<meta name=\"twitter:site\" content=\"@ICM_Technology\" \/>\n<script type=\"application\/ld+json\" class=\"yoast-schema-graph\">{\"@context\":\"https:\\\/\\\/schema.org\",\"@graph\":[{\"@type\":\"WebPage\",\"@id\":\"https:\\\/\\\/global.icminc.com\\\/pt-br\\\/about\\\/history\\\/\",\"url\":\"https:\\\/\\\/global.icminc.com\\\/pt-br\\\/about\\\/history\\\/\",\"name\":\"L\u00edder global na ind\u00fastria de biocombust\u00edveis | Fazendo hist\u00f3ria | ICM\",\"isPartOf\":{\"@id\":\"https:\\\/\\\/global.icminc.com\\\/pt-br\\\/#website\"},\"datePublished\":\"2024-11-22T20:44:28+00:00\",\"dateModified\":\"2025-09-26T20:22:28+00:00\",\"description\":\"A ICM \u00e9 l\u00edder global no setor de biocombust\u00edveis. Descubra nossas tecnologias inovadoras, avan\u00e7os recentes e saiba mais sobre a hist\u00f3ria da ICM.\",\"breadcrumb\":{\"@id\":\"https:\\\/\\\/global.icminc.com\\\/pt-br\\\/about\\\/history\\\/#breadcrumb\"},\"inLanguage\":\"pt-BR\",\"potentialAction\":[{\"@type\":\"ReadAction\",\"target\":[\"https:\\\/\\\/global.icminc.com\\\/pt-br\\\/about\\\/history\\\/\"]}]},{\"@type\":\"BreadcrumbList\",\"@id\":\"https:\\\/\\\/global.icminc.com\\\/pt-br\\\/about\\\/history\\\/#breadcrumb\",\"itemListElement\":[{\"@type\":\"ListItem\",\"position\":1,\"name\":\"Home\",\"item\":\"https:\\\/\\\/global.icminc.com\\\/pt-br\\\/\"},{\"@type\":\"ListItem\",\"position\":2,\"name\":\"Sobre\",\"item\":\"https:\\\/\\\/global.icminc.com\\\/pt-br\\\/about\\\/\"},{\"@type\":\"ListItem\",\"position\":3,\"name\":\"Hist\u00f3rico\"}]},{\"@type\":\"WebSite\",\"@id\":\"https:\\\/\\\/global.icminc.com\\\/pt-br\\\/#website\",\"url\":\"https:\\\/\\\/global.icminc.com\\\/pt-br\\\/\",\"name\":\"ICM\",\"description\":\"\",\"publisher\":{\"@id\":\"https:\\\/\\\/global.icminc.com\\\/pt-br\\\/#organization\"},\"potentialAction\":[{\"@type\":\"SearchAction\",\"target\":{\"@type\":\"EntryPoint\",\"urlTemplate\":\"https:\\\/\\\/global.icminc.com\\\/pt-br\\\/?s={search_term_string}\"},\"query-input\":{\"@type\":\"PropertyValueSpecification\",\"valueRequired\":true,\"valueName\":\"search_term_string\"}}],\"inLanguage\":\"pt-BR\"},{\"@type\":\"Organization\",\"@id\":\"https:\\\/\\\/global.icminc.com\\\/pt-br\\\/#organization\",\"name\":\"ICM\",\"url\":\"https:\\\/\\\/global.icminc.com\\\/pt-br\\\/\",\"logo\":{\"@type\":\"ImageObject\",\"inLanguage\":\"pt-BR\",\"@id\":\"https:\\\/\\\/global.icminc.com\\\/pt-br\\\/#\\\/schema\\\/logo\\\/image\\\/\",\"url\":\"https:\\\/\\\/global.icminc.com\\\/wp-content\\\/uploads\\\/2024\\\/09\\\/icm_logo_color.png\",\"contentUrl\":\"https:\\\/\\\/global.icminc.com\\\/wp-content\\\/uploads\\\/2024\\\/09\\\/icm_logo_color.png\",\"width\":500,\"height\":207,\"caption\":\"ICM\"},\"image\":{\"@id\":\"https:\\\/\\\/global.icminc.com\\\/pt-br\\\/#\\\/schema\\\/logo\\\/image\\\/\"},\"sameAs\":[\"https:\\\/\\\/www.facebook.com\\\/icmtechnology\",\"https:\\\/\\\/x.com\\\/ICM_Technology\",\"https:\\\/\\\/www.linkedin.com\\\/company\\\/icminc\\\/\"]}]}<\/script>\n<!-- \/ Yoast SEO plugin. -->","yoast_head_json":{"title":"L\u00edder global na ind\u00fastria de biocombust\u00edveis | Fazendo hist\u00f3ria | ICM","description":"A ICM \u00e9 l\u00edder global no setor de biocombust\u00edveis. Descubra nossas tecnologias inovadoras, avan\u00e7os recentes e saiba mais sobre a hist\u00f3ria da ICM.","robots":{"index":"index","follow":"follow","max-snippet":"max-snippet:-1","max-image-preview":"max-image-preview:large","max-video-preview":"max-video-preview:-1"},"canonical":"https:\/\/global.icminc.com\/pt-br\/about\/history\/","og_locale":"pt_BR","og_type":"article","og_title":"L\u00edder global na ind\u00fastria de biocombust\u00edveis | Fazendo hist\u00f3ria","og_description":"A ICM \u00e9 l\u00edder global no setor de biocombust\u00edveis. Descubra nossas tecnologias inovadoras, avan\u00e7os recentes e saiba mais sobre a hist\u00f3ria da ICM.","og_url":"https:\/\/global.icminc.com\/pt-br\/about\/history\/","og_site_name":"ICM Inc. Brazil","article_publisher":"https:\/\/www.facebook.com\/icmtechnology","article_modified_time":"2025-09-26T20:22:28+00:00","og_image":[{"width":1280,"height":629,"url":"https:\/\/global.icminc.com\/wp-content\/uploads\/2024\/08\/corn-and-cane.jpg","type":"image\/jpeg"}],"twitter_card":"summary_large_image","twitter_title":"L\u00edder global na ind\u00fastria de biocombust\u00edveis | Fazendo hist\u00f3ria","twitter_description":"A ICM \u00e9 l\u00edder global no setor de biocombust\u00edveis. Descubra nossas tecnologias inovadoras, avan\u00e7os recentes e saiba mais sobre a hist\u00f3ria da ICM.","twitter_site":"@ICM_Technology","schema":{"@context":"https:\/\/schema.org","@graph":[{"@type":"WebPage","@id":"https:\/\/global.icminc.com\/pt-br\/about\/history\/","url":"https:\/\/global.icminc.com\/pt-br\/about\/history\/","name":"L\u00edder global na ind\u00fastria de biocombust\u00edveis | Fazendo hist\u00f3ria | ICM","isPartOf":{"@id":"https:\/\/global.icminc.com\/pt-br\/#website"},"datePublished":"2024-11-22T20:44:28+00:00","dateModified":"2025-09-26T20:22:28+00:00","description":"A ICM \u00e9 l\u00edder global no setor de biocombust\u00edveis. Descubra nossas tecnologias inovadoras, avan\u00e7os recentes e saiba mais sobre a hist\u00f3ria da ICM.","breadcrumb":{"@id":"https:\/\/global.icminc.com\/pt-br\/about\/history\/#breadcrumb"},"inLanguage":"pt-BR","potentialAction":[{"@type":"ReadAction","target":["https:\/\/global.icminc.com\/pt-br\/about\/history\/"]}]},{"@type":"BreadcrumbList","@id":"https:\/\/global.icminc.com\/pt-br\/about\/history\/#breadcrumb","itemListElement":[{"@type":"ListItem","position":1,"name":"Home","item":"https:\/\/global.icminc.com\/pt-br\/"},{"@type":"ListItem","position":2,"name":"Sobre","item":"https:\/\/global.icminc.com\/pt-br\/about\/"},{"@type":"ListItem","position":3,"name":"Hist\u00f3rico"}]},{"@type":"WebSite","@id":"https:\/\/global.icminc.com\/pt-br\/#website","url":"https:\/\/global.icminc.com\/pt-br\/","name":"ICM","description":"","publisher":{"@id":"https:\/\/global.icminc.com\/pt-br\/#organization"},"potentialAction":[{"@type":"SearchAction","target":{"@type":"EntryPoint","urlTemplate":"https:\/\/global.icminc.com\/pt-br\/?s={search_term_string}"},"query-input":{"@type":"PropertyValueSpecification","valueRequired":true,"valueName":"search_term_string"}}],"inLanguage":"pt-BR"},{"@type":"Organization","@id":"https:\/\/global.icminc.com\/pt-br\/#organization","name":"ICM","url":"https:\/\/global.icminc.com\/pt-br\/","logo":{"@type":"ImageObject","inLanguage":"pt-BR","@id":"https:\/\/global.icminc.com\/pt-br\/#\/schema\/logo\/image\/","url":"https:\/\/global.icminc.com\/wp-content\/uploads\/2024\/09\/icm_logo_color.png","contentUrl":"https:\/\/global.icminc.com\/wp-content\/uploads\/2024\/09\/icm_logo_color.png","width":500,"height":207,"caption":"ICM"},"image":{"@id":"https:\/\/global.icminc.com\/pt-br\/#\/schema\/logo\/image\/"},"sameAs":["https:\/\/www.facebook.com\/icmtechnology","https:\/\/x.com\/ICM_Technology","https:\/\/www.linkedin.com\/company\/icminc\/"]}]}},"_links":{"self":[{"href":"https:\/\/global.icminc.com\/pt-br\/wp-json\/wp\/v2\/pages\/1754","targetHints":{"allow":["GET"]}}],"collection":[{"href":"https:\/\/global.icminc.com\/pt-br\/wp-json\/wp\/v2\/pages"}],"about":[{"href":"https:\/\/global.icminc.com\/pt-br\/wp-json\/wp\/v2\/types\/page"}],"author":[{"embeddable":true,"href":"https:\/\/global.icminc.com\/pt-br\/wp-json\/wp\/v2\/users\/1"}],"replies":[{"embeddable":true,"href":"https:\/\/global.icminc.com\/pt-br\/wp-json\/wp\/v2\/comments?post=1754"}],"version-history":[{"count":2,"href":"https:\/\/global.icminc.com\/pt-br\/wp-json\/wp\/v2\/pages\/1754\/revisions"}],"predecessor-version":[{"id":1781,"href":"https:\/\/global.icminc.com\/pt-br\/wp-json\/wp\/v2\/pages\/1754\/revisions\/1781"}],"up":[{"embeddable":true,"href":"https:\/\/global.icminc.com\/pt-br\/wp-json\/wp\/v2\/pages\/1773"}],"wp:attachment":[{"href":"https:\/\/global.icminc.com\/pt-br\/wp-json\/wp\/v2\/media?parent=1754"}],"curies":[{"name":"wp","href":"https:\/\/api.w.org\/{rel}","templated":true}]}}