{"id":1756,"date":"2024-11-22T14:58:39","date_gmt":"2024-11-22T20:58:39","guid":{"rendered":"https:\/\/global.icminc.com\/home\/"},"modified":"2025-01-28T09:52:25","modified_gmt":"2025-01-28T15:52:25","slug":"home","status":"publish","type":"page","link":"https:\/\/global.icminc.com\/pt-br\/","title":{"rendered":"Home"},"content":{"rendered":"","protected":false},"excerpt":{"rendered":"","protected":false},"author":1,"featured_media":0,"parent":0,"menu_order":0,"comment_status":"closed","ping_status":"closed","template":"","meta":{"_acf_changed":false,"footnotes":""},"class_list":["post-1756","page","type-page","status-publish","hentry"],"acf":[],"yoast_head":"<!-- This site is optimized with the Yoast SEO plugin v27.3 - https:\/\/yoast.com\/product\/yoast-seo-wordpress\/ -->\n<title>L\u00edder em Design e Constru\u00e7\u00e3o de Biorrefinarias | ICM<\/title>\n<meta name=\"description\" content=\"A ICM se destaca em design de biorrefinarias para a ind\u00fastria de biocombust\u00edveis. Aumente seu ROI com nossas solu\u00e7\u00f5es especializadas em biocombust\u00edvel. Entre em contato conosco para saber mais!\" \/>\n<meta name=\"robots\" content=\"index, follow, max-snippet:-1, max-image-preview:large, max-video-preview:-1\" \/>\n<link rel=\"canonical\" href=\"https:\/\/global.icminc.com\/pt-br\/\" \/>\n<meta property=\"og:locale\" content=\"pt_BR\" \/>\n<meta property=\"og:type\" content=\"article\" \/>\n<meta property=\"og:title\" content=\"Leading Biorefinery Design &amp; Construction\" \/>\n<meta property=\"og:description\" content=\"A ICM se destaca em design de biorrefinarias para a ind\u00fastria de biocombust\u00edveis. Aumente seu ROI com nossas solu\u00e7\u00f5es especializadas em biocombust\u00edvel. Entre em contato conosco para saber mais!\" \/>\n<meta property=\"og:url\" content=\"https:\/\/global.icminc.com\/pt-br\/\" \/>\n<meta property=\"og:site_name\" content=\"ICM Inc. Brazil\" \/>\n<meta property=\"article:publisher\" content=\"https:\/\/www.facebook.com\/icmtechnology\" \/>\n<meta property=\"article:modified_time\" content=\"2025-01-28T15:52:25+00:00\" \/>\n<meta property=\"og:image\" content=\"https:\/\/global.icminc.com\/wp-content\/uploads\/2024\/08\/corn-and-cane.jpg\" \/>\n\t<meta property=\"og:image:width\" content=\"1280\" \/>\n\t<meta property=\"og:image:height\" content=\"629\" \/>\n\t<meta property=\"og:image:type\" content=\"image\/jpeg\" \/>\n<meta name=\"twitter:card\" content=\"summary_large_image\" \/>\n<meta name=\"twitter:title\" content=\"L\u00edder em Design e Constru\u00e7\u00e3o de Biorrefinarias\" \/>\n<meta name=\"twitter:description\" content=\"A ICM se destaca em design de biorrefinarias para a ind\u00fastria de biocombust\u00edveis. Aumente seu ROI com nossas solu\u00e7\u00f5es especializadas em biocombust\u00edvel. Entre em contato conosco para saber mais!\" \/>\n<meta name=\"twitter:site\" content=\"@ICM_Technology\" \/>\n<script type=\"application\/ld+json\" class=\"yoast-schema-graph\">{\"@context\":\"https:\\\/\\\/schema.org\",\"@graph\":[{\"@type\":\"WebPage\",\"@id\":\"https:\\\/\\\/global.icminc.com\\\/pt-br\\\/\",\"url\":\"https:\\\/\\\/global.icminc.com\\\/pt-br\\\/\",\"name\":\"L\u00edder em Design e Constru\u00e7\u00e3o de Biorrefinarias | ICM\",\"isPartOf\":{\"@id\":\"https:\\\/\\\/global.icminc.com\\\/pt-br\\\/#website\"},\"datePublished\":\"2024-11-22T20:58:39+00:00\",\"dateModified\":\"2025-01-28T15:52:25+00:00\",\"description\":\"A ICM se destaca em design de biorrefinarias para a ind\u00fastria de biocombust\u00edveis. Aumente seu ROI com nossas solu\u00e7\u00f5es especializadas em biocombust\u00edvel. Entre em contato conosco para saber mais!\",\"breadcrumb\":{\"@id\":\"https:\\\/\\\/global.icminc.com\\\/pt-br\\\/#breadcrumb\"},\"inLanguage\":\"pt-BR\",\"potentialAction\":[{\"@type\":\"ReadAction\",\"target\":[\"https:\\\/\\\/global.icminc.com\\\/pt-br\\\/\"]}]},{\"@type\":\"BreadcrumbList\",\"@id\":\"https:\\\/\\\/global.icminc.com\\\/pt-br\\\/#breadcrumb\",\"itemListElement\":[{\"@type\":\"ListItem\",\"position\":1,\"name\":\"Home\",\"item\":\"https:\\\/\\\/global.icminc.com\\\/pt-br\\\/\"},{\"@type\":\"ListItem\",\"position\":2,\"name\":\"Home\"}]},{\"@type\":\"WebSite\",\"@id\":\"https:\\\/\\\/global.icminc.com\\\/pt-br\\\/#website\",\"url\":\"https:\\\/\\\/global.icminc.com\\\/pt-br\\\/\",\"name\":\"ICM\",\"description\":\"\",\"publisher\":{\"@id\":\"https:\\\/\\\/global.icminc.com\\\/pt-br\\\/#organization\"},\"potentialAction\":[{\"@type\":\"SearchAction\",\"target\":{\"@type\":\"EntryPoint\",\"urlTemplate\":\"https:\\\/\\\/global.icminc.com\\\/pt-br\\\/?s={search_term_string}\"},\"query-input\":{\"@type\":\"PropertyValueSpecification\",\"valueRequired\":true,\"valueName\":\"search_term_string\"}}],\"inLanguage\":\"pt-BR\"},{\"@type\":\"Organization\",\"@id\":\"https:\\\/\\\/global.icminc.com\\\/pt-br\\\/#organization\",\"name\":\"ICM\",\"url\":\"https:\\\/\\\/global.icminc.com\\\/pt-br\\\/\",\"logo\":{\"@type\":\"ImageObject\",\"inLanguage\":\"pt-BR\",\"@id\":\"https:\\\/\\\/global.icminc.com\\\/pt-br\\\/#\\\/schema\\\/logo\\\/image\\\/\",\"url\":\"https:\\\/\\\/global.icminc.com\\\/wp-content\\\/uploads\\\/2024\\\/09\\\/icm_logo_color.png\",\"contentUrl\":\"https:\\\/\\\/global.icminc.com\\\/wp-content\\\/uploads\\\/2024\\\/09\\\/icm_logo_color.png\",\"width\":500,\"height\":207,\"caption\":\"ICM\"},\"image\":{\"@id\":\"https:\\\/\\\/global.icminc.com\\\/pt-br\\\/#\\\/schema\\\/logo\\\/image\\\/\"},\"sameAs\":[\"https:\\\/\\\/www.facebook.com\\\/icmtechnology\",\"https:\\\/\\\/x.com\\\/ICM_Technology\",\"https:\\\/\\\/www.linkedin.com\\\/company\\\/icminc\\\/\"]}]}<\/script>\n<!-- \/ Yoast SEO plugin. -->","yoast_head_json":{"title":"L\u00edder em Design e Constru\u00e7\u00e3o de Biorrefinarias | ICM","description":"A ICM se destaca em design de biorrefinarias para a ind\u00fastria de biocombust\u00edveis. Aumente seu ROI com nossas solu\u00e7\u00f5es especializadas em biocombust\u00edvel. Entre em contato conosco para saber mais!","robots":{"index":"index","follow":"follow","max-snippet":"max-snippet:-1","max-image-preview":"max-image-preview:large","max-video-preview":"max-video-preview:-1"},"canonical":"https:\/\/global.icminc.com\/pt-br\/","og_locale":"pt_BR","og_type":"article","og_title":"Leading Biorefinery Design & Construction","og_description":"A ICM se destaca em design de biorrefinarias para a ind\u00fastria de biocombust\u00edveis. Aumente seu ROI com nossas solu\u00e7\u00f5es especializadas em biocombust\u00edvel. Entre em contato conosco para saber mais!","og_url":"https:\/\/global.icminc.com\/pt-br\/","og_site_name":"ICM Inc. Brazil","article_publisher":"https:\/\/www.facebook.com\/icmtechnology","article_modified_time":"2025-01-28T15:52:25+00:00","og_image":[{"width":1280,"height":629,"url":"https:\/\/global.icminc.com\/wp-content\/uploads\/2024\/08\/corn-and-cane.jpg","type":"image\/jpeg"}],"twitter_card":"summary_large_image","twitter_title":"L\u00edder em Design e Constru\u00e7\u00e3o de Biorrefinarias","twitter_description":"A ICM se destaca em design de biorrefinarias para a ind\u00fastria de biocombust\u00edveis. Aumente seu ROI com nossas solu\u00e7\u00f5es especializadas em biocombust\u00edvel. Entre em contato conosco para saber mais!","twitter_site":"@ICM_Technology","schema":{"@context":"https:\/\/schema.org","@graph":[{"@type":"WebPage","@id":"https:\/\/global.icminc.com\/pt-br\/","url":"https:\/\/global.icminc.com\/pt-br\/","name":"L\u00edder em Design e Constru\u00e7\u00e3o de Biorrefinarias | ICM","isPartOf":{"@id":"https:\/\/global.icminc.com\/pt-br\/#website"},"datePublished":"2024-11-22T20:58:39+00:00","dateModified":"2025-01-28T15:52:25+00:00","description":"A ICM se destaca em design de biorrefinarias para a ind\u00fastria de biocombust\u00edveis. Aumente seu ROI com nossas solu\u00e7\u00f5es especializadas em biocombust\u00edvel. Entre em contato conosco para saber mais!","breadcrumb":{"@id":"https:\/\/global.icminc.com\/pt-br\/#breadcrumb"},"inLanguage":"pt-BR","potentialAction":[{"@type":"ReadAction","target":["https:\/\/global.icminc.com\/pt-br\/"]}]},{"@type":"BreadcrumbList","@id":"https:\/\/global.icminc.com\/pt-br\/#breadcrumb","itemListElement":[{"@type":"ListItem","position":1,"name":"Home","item":"https:\/\/global.icminc.com\/pt-br\/"},{"@type":"ListItem","position":2,"name":"Home"}]},{"@type":"WebSite","@id":"https:\/\/global.icminc.com\/pt-br\/#website","url":"https:\/\/global.icminc.com\/pt-br\/","name":"ICM","description":"","publisher":{"@id":"https:\/\/global.icminc.com\/pt-br\/#organization"},"potentialAction":[{"@type":"SearchAction","target":{"@type":"EntryPoint","urlTemplate":"https:\/\/global.icminc.com\/pt-br\/?s={search_term_string}"},"query-input":{"@type":"PropertyValueSpecification","valueRequired":true,"valueName":"search_term_string"}}],"inLanguage":"pt-BR"},{"@type":"Organization","@id":"https:\/\/global.icminc.com\/pt-br\/#organization","name":"ICM","url":"https:\/\/global.icminc.com\/pt-br\/","logo":{"@type":"ImageObject","inLanguage":"pt-BR","@id":"https:\/\/global.icminc.com\/pt-br\/#\/schema\/logo\/image\/","url":"https:\/\/global.icminc.com\/wp-content\/uploads\/2024\/09\/icm_logo_color.png","contentUrl":"https:\/\/global.icminc.com\/wp-content\/uploads\/2024\/09\/icm_logo_color.png","width":500,"height":207,"caption":"ICM"},"image":{"@id":"https:\/\/global.icminc.com\/pt-br\/#\/schema\/logo\/image\/"},"sameAs":["https:\/\/www.facebook.com\/icmtechnology","https:\/\/x.com\/ICM_Technology","https:\/\/www.linkedin.com\/company\/icminc\/"]}]}},"_links":{"self":[{"href":"https:\/\/global.icminc.com\/pt-br\/wp-json\/wp\/v2\/pages\/1756","targetHints":{"allow":["GET"]}}],"collection":[{"href":"https:\/\/global.icminc.com\/pt-br\/wp-json\/wp\/v2\/pages"}],"about":[{"href":"https:\/\/global.icminc.com\/pt-br\/wp-json\/wp\/v2\/types\/page"}],"author":[{"embeddable":true,"href":"https:\/\/global.icminc.com\/pt-br\/wp-json\/wp\/v2\/users\/1"}],"replies":[{"embeddable":true,"href":"https:\/\/global.icminc.com\/pt-br\/wp-json\/wp\/v2\/comments?post=1756"}],"version-history":[{"count":1,"href":"https:\/\/global.icminc.com\/pt-br\/wp-json\/wp\/v2\/pages\/1756\/revisions"}],"predecessor-version":[{"id":1757,"href":"https:\/\/global.icminc.com\/pt-br\/wp-json\/wp\/v2\/pages\/1756\/revisions\/1757"}],"wp:attachment":[{"href":"https:\/\/global.icminc.com\/pt-br\/wp-json\/wp\/v2\/media?parent=1756"}],"curies":[{"name":"wp","href":"https:\/\/api.w.org\/{rel}","templated":true}]}}